{"id":39,"date":"2011-12-28T12:52:02","date_gmt":"2011-12-28T12:52:02","guid":{"rendered":"http:\/\/mczerwonka.pl\/jozef.czerwonka\/?page_id=39"},"modified":"2018-09-23T15:09:59","modified_gmt":"2018-09-23T14:09:59","slug":"dokumenty","status":"publish","type":"page","link":"http:\/\/mczerwonka.pl\/jozef.czerwonka\/?page_id=39","title":{"rendered":"Dokumenty"},"content":{"rendered":"<p>Znajd\u0105 tu Pa\u0144stwo skany dokument\u00f3w, notatek, list\u00f3w i kart pocztowych. kt\u00f3re wr\u00f3ci\u0142y po wojnie z Wielkiej Brytanii, oraz powojennej korespondencji dotycz\u0105cej J\u00f3zefa Czerwonki.<\/p>\n<div id=\"attachment_40\" style=\"width: 160px\" class=\"wp-caption alignleft\"><a href=\"http:\/\/mczerwonka.pl\/jozef.czerwonka\/wp-content\/uploads\/2011\/12\/komenda_uzupelnien.png\" target=\"_blank\"><img loading=\"lazy\" decoding=\"async\" aria-describedby=\"caption-attachment-40\" class=\"size-thumbnail wp-image-40 \" title=\"Wyci\u0105g ewidencyjny z Komendy Uzupe\u0142nie\u0144\" src=\"http:\/\/mczerwonka.pl\/jozef.czerwonka\/wp-content\/uploads\/2011\/12\/komenda_uzupelnien-150x150.png\" alt=\"Wyci\u0105g ewidencyjny z Komendy Uzupe\u0142nie\u0144\" width=\"150\" height=\"150\" \/><\/a><p id=\"caption-attachment-40\" class=\"wp-caption-text\">Wyci\u0105g ewidencyjny z Komendy Uzupe\u0142nie\u0144, 1947r.<\/p><\/div>\n<div id=\"attachment_42\" style=\"width: 160px\" class=\"wp-caption alignleft\"><a href=\"http:\/\/mczerwonka.pl\/jozef.czerwonka\/wp-content\/uploads\/2011\/12\/raf.png\" target=\"_blank\"><img loading=\"lazy\" decoding=\"async\" aria-describedby=\"caption-attachment-42\" class=\"size-thumbnail wp-image-42 \" title=\"Zezwolenie na opuszczanie jednostki po s\u0142u\u017cbie \" src=\"http:\/\/mczerwonka.pl\/jozef.czerwonka\/wp-content\/uploads\/2011\/12\/raf-150x150.png\" alt=\"Zezwolenie na opuszczanie jednostki po s\u0142u\u017cbie\" width=\"150\" height=\"150\" \/><\/a><p id=\"caption-attachment-42\" class=\"wp-caption-text\">Zezwolenie na opuszczanie jednostki po s\u0142u\u017cbie, 1940r.<\/p><\/div>\n<div id=\"attachment_41\" style=\"width: 160px\" class=\"wp-caption alignleft\"><a href=\"http:\/\/mczerwonka.pl\/jozef.czerwonka\/wp-content\/uploads\/2011\/12\/amsterdam.png\" target=\"_blank\"><img loading=\"lazy\" decoding=\"async\" aria-describedby=\"caption-attachment-41\" class=\"size-thumbnail wp-image-41   \" title=\"List dotycz\u0105cy miejsca poch\u00f3wku na cmentarzu w Amsterdamie \" src=\"http:\/\/mczerwonka.pl\/jozef.czerwonka\/wp-content\/uploads\/2011\/12\/amsterdam-150x150.png\" alt=\"List dotycz\u0105cy miejsca poch\u00f3wku na cmentarzu w Amsterdamie\" width=\"150\" height=\"150\" \/><\/a><p id=\"caption-attachment-41\" class=\"wp-caption-text\">Informacja na temat miejsca poch\u00f3wku na cmentarzu w Amsterdamie, 1947r.<\/p><\/div>\n<p>&nbsp;<\/p>\n<p>&nbsp;<\/p>\n<p>&nbsp;<\/p>\n<p>&nbsp;<\/p>\n<p>&nbsp;<\/p>\n<div id=\"attachment_43\" style=\"width: 160px\" class=\"wp-caption alignleft\"><a href=\"http:\/\/mczerwonka.pl\/jozef.czerwonka\/wp-content\/uploads\/2011\/12\/wiersz_kasprowicza_rewers.png\" target=\"_blank\"><img loading=\"lazy\" decoding=\"async\" aria-describedby=\"caption-attachment-43\" class=\"size-thumbnail wp-image-43  \" title=\"Notatka\" src=\"http:\/\/mczerwonka.pl\/jozef.czerwonka\/wp-content\/uploads\/2011\/12\/wiersz_kasprowicza_rewers-150x150.png\" alt=\"Notatka\" width=\"150\" height=\"150\" \/><\/a><p id=\"caption-attachment-43\" class=\"wp-caption-text\">Notatka J\u00f3zka z adresem, pod kt\u00f3ry nale\u017cy wys\u0142a\u0107 rzeczy osobiste na wypadek \u015bmierci<\/p><\/div>\n<div id=\"attachment_85\" style=\"width: 160px\" class=\"wp-caption alignleft\"><a href=\"http:\/\/mczerwonka.pl\/jozef.czerwonka\/wp-content\/uploads\/2011\/12\/kartka_1.png\" target=\"_blank\"><img loading=\"lazy\" decoding=\"async\" aria-describedby=\"caption-attachment-85\" class=\"size-thumbnail wp-image-85\" title=\"Kartka od J\u00f3zka z 1941 roku\" src=\"http:\/\/mczerwonka.pl\/jozef.czerwonka\/wp-content\/uploads\/2011\/12\/kartka_1-150x150.png\" alt=\"Kartka od J\u00f3zka z 1941 roku\" width=\"150\" height=\"150\" \/><\/a><p id=\"caption-attachment-85\" class=\"wp-caption-text\">Kartka pocztowa wys\u0142ana przez J\u00f3zka w 1941 roku przez znajomego w Portugalii, \u017ceby nie wzbudza\u0107 podejrze\u0144 w\u0142adz niemieckich w Jaworznie<\/p><\/div>\n<div id=\"attachment_84\" style=\"width: 160px\" class=\"wp-caption alignleft\"><a href=\"http:\/\/mczerwonka.pl\/jozef.czerwonka\/wp-content\/uploads\/2011\/12\/kartka_2.png\" target=\"_blank\"><img loading=\"lazy\" decoding=\"async\" aria-describedby=\"caption-attachment-84\" class=\"size-thumbnail wp-image-84\" title=\"Kartka od rodzic\u00f3w z 1941\" src=\"http:\/\/mczerwonka.pl\/jozef.czerwonka\/wp-content\/uploads\/2011\/12\/kartka_2-150x150.png\" alt=\"Kartka od rodzic\u00f3w z 1941\" width=\"150\" height=\"150\" \/><\/a><p id=\"caption-attachment-84\" class=\"wp-caption-text\">Kartka od rodzic\u00f3w z 1941 roku, wys\u0142ana r\u00f3wnie\u017c na adres w Portugalii<\/p><\/div>\n<p>&nbsp;<\/p>\n<p>&nbsp;<\/p>\n<p>&nbsp;<\/p>\n<p>&nbsp;<\/p>\n<p>&nbsp;<\/p>\n<p>&nbsp;<\/p>\n<p>&nbsp;<\/p>\n<p>&nbsp;<\/p>\n<div id=\"attachment_86\" style=\"width: 160px\" class=\"wp-caption alignleft\"><a href=\"http:\/\/mczerwonka.pl\/jozef.czerwonka\/wp-content\/uploads\/2011\/12\/raf_11.png\" target=\"_blank\"><img loading=\"lazy\" decoding=\"async\" aria-describedby=\"caption-attachment-86\" class=\"size-thumbnail wp-image-86 \" title=\"Kwestionariusz osobowy RAF\" src=\"http:\/\/mczerwonka.pl\/jozef.czerwonka\/wp-content\/uploads\/2011\/12\/raf_11-150x150.png\" alt=\"Kwestionariusz osobowy RAF\" width=\"150\" height=\"150\" \/><\/a><p id=\"caption-attachment-86\" class=\"wp-caption-text\">Kwestionariusz osobowy RAF, podstawowe informacje o s\u0142u\u017cbie do momentu brzybycia do Anglii<\/p><\/div>\n<div id=\"attachment_160\" style=\"width: 160px\" class=\"wp-caption alignleft\"><a href=\"https:\/\/photos.app.goo.gl\/vS95cFrFDkRtX5vg9\" target=\"_blank\"><img loading=\"lazy\" decoding=\"async\" aria-describedby=\"caption-attachment-160\" class=\"size-thumbnail wp-image-160    \" title=\"Korpus osobowy - ok\u0142adka\" src=\"http:\/\/mczerwonka.pl\/jozef.czerwonka\/wp-content\/uploads\/2012\/01\/korpus_osobowy_1-150x150.png\" alt=\"\" width=\"150\" height=\"150\" \/><\/a><p id=\"caption-attachment-160\" class=\"wp-caption-text\">Korpus osobowy Wojska Polskiego<\/p><\/div>\n<div id=\"attachment_230\" style=\"width: 160px\" class=\"wp-caption alignleft\"><a href=\"https:\/\/photos.app.goo.gl\/X354LKk7f52tL72J8\" target=\"_blank\"><img loading=\"lazy\" decoding=\"async\" aria-describedby=\"caption-attachment-230\" class=\"size-thumbnail wp-image-230    \" title=\"zeszyt_ewidencyjny_1_m\" src=\"http:\/\/mczerwonka.pl\/jozef.czerwonka\/wp-content\/uploads\/2011\/12\/zeszyt_ewidencyjny_1_m-150x150.png\" alt=\"\" width=\"150\" height=\"150\" \/><\/a><p id=\"caption-attachment-230\" class=\"wp-caption-text\">Zeszyt Ewidencyjny<\/p><\/div>\n<p>&nbsp;<\/p>\n<p>&nbsp;<\/p>\n<p>&nbsp;<\/p>\n<p>&nbsp;<\/p>\n<p>&nbsp;<\/p>\n<p>&nbsp;<\/p>\n<p>&nbsp;<\/p>\n<div id=\"attachment_270\" style=\"width: 160px\" class=\"wp-caption alignleft\"><a href=\"https:\/\/photos.app.goo.gl\/zqKK8ygR3c6gRJBJ9\" target=\"_blank\"><img loading=\"lazy\" decoding=\"async\" aria-describedby=\"caption-attachment-270\" class=\"size-thumbnail wp-image-270   \" title=\"Pami\u0119tnik\" src=\"http:\/\/mczerwonka.pl\/jozef.czerwonka\/wp-content\/uploads\/2011\/12\/pamietnik_strona_01-150x150.png\" alt=\"\" width=\"150\" height=\"150\" \/><\/a><p id=\"caption-attachment-270\" class=\"wp-caption-text\">Pami\u0119tnik J\u00f3zefa Czerwonki<\/p><\/div>\n","protected":false},"excerpt":{"rendered":"<p>Znajd\u0105 tu Pa\u0144stwo skany dokument\u00f3w, notatek, list\u00f3w i kart pocztowych. kt\u00f3re wr\u00f3ci\u0142y po wojnie z Wielkiej Brytanii, oraz powojennej korespondencji dotycz\u0105cej J\u00f3zefa Czerwonki. &nbsp; &nbsp; &nbsp; &nbsp; &nbsp; &nbsp; &nbsp; &nbsp; &nbsp; &nbsp; &nbsp; &nbsp; &nbsp; &nbsp; &nbsp; &nbsp; &nbsp; &hellip; <a href=\"http:\/\/mczerwonka.pl\/jozef.czerwonka\/?page_id=39\">Czytaj dalej <span class=\"meta-nav\">&rarr;<\/span><\/a><\/p>\n","protected":false},"author":1,"featured_media":0,"parent":0,"menu_order":4,"comment_status":"closed","ping_status":"closed","template":"onecolumn-page.php","meta":{"footnotes":""},"class_list":["post-39","page","type-page","status-publish","hentry"],"jetpack_sharing_enabled":true,"_links":{"self":[{"href":"http:\/\/mczerwonka.pl\/jozef.czerwonka\/index.php?rest_route=\/wp\/v2\/pages\/39","targetHints":{"allow":["GET"]}}],"collection":[{"href":"http:\/\/mczerwonka.pl\/jozef.czerwonka\/index.php?rest_route=\/wp\/v2\/pages"}],"about":[{"href":"http:\/\/mczerwonka.pl\/jozef.czerwonka\/index.php?rest_route=\/wp\/v2\/types\/page"}],"author":[{"embeddable":true,"href":"http:\/\/mczerwonka.pl\/jozef.czerwonka\/index.php?rest_route=\/wp\/v2\/users\/1"}],"replies":[{"embeddable":true,"href":"http:\/\/mczerwonka.pl\/jozef.czerwonka\/index.php?rest_route=%2Fwp%2Fv2%2Fcomments&post=39"}],"version-history":[{"count":28,"href":"http:\/\/mczerwonka.pl\/jozef.czerwonka\/index.php?rest_route=\/wp\/v2\/pages\/39\/revisions"}],"predecessor-version":[{"id":415,"href":"http:\/\/mczerwonka.pl\/jozef.czerwonka\/index.php?rest_route=\/wp\/v2\/pages\/39\/revisions\/415"}],"wp:attachment":[{"href":"http:\/\/mczerwonka.pl\/jozef.czerwonka\/index.php?rest_route=%2Fwp%2Fv2%2Fmedia&parent=39"}],"curies":[{"name":"wp","href":"https:\/\/api.w.org\/{rel}","templated":true}]}}